{"id":26,"date":"2024-12-20T10:49:34","date_gmt":"2024-12-20T09:49:34","guid":{"rendered":"https:\/\/concursbiblic.bisbatdeterrassa.org\/index.php\/services\/"},"modified":"2026-02-05T16:40:26","modified_gmt":"2026-02-05T15:40:26","slug":"modalitats","status":"publish","type":"page","link":"https:\/\/concursbiblic.com\/index.php\/modalitats\/","title":{"rendered":"Modalitats"},"content":{"rendered":"\t\t<div data-elementor-type=\"wp-page\" data-elementor-id=\"26\" class=\"elementor elementor-26\">\n\t\t\t\t<div class=\"elementor-element elementor-element-79337ab3 e-flex e-con-boxed e-con e-parent\" data-id=\"79337ab3\" data-element_type=\"container\">\n\t\t\t\t\t<div class=\"e-con-inner\">\n\t\t\t\t<div class=\"elementor-element elementor-element-194f2976 elementor-widget elementor-widget-heading\" data-id=\"194f2976\" data-element_type=\"widget\" data-widget_type=\"heading.default\">\n\t\t\t\t<div class=\"elementor-widget-container\">\n\t\t\t\t\t<h1 class=\"elementor-heading-title elementor-size-default\">Modalitats<\/h1>\t\t\t\t<\/div>\n\t\t\t\t<\/div>\n\t\t\t\t<div class=\"elementor-element elementor-element-47d860d6 elementor-widget-divider--view-line elementor-widget elementor-widget-divider\" data-id=\"47d860d6\" data-element_type=\"widget\" data-widget_type=\"divider.default\">\n\t\t\t\t<div class=\"elementor-widget-container\">\n\t\t\t\t\t\t\t<div class=\"elementor-divider\">\n\t\t\t<span class=\"elementor-divider-separator\">\n\t\t\t\t\t\t<\/span>\n\t\t<\/div>\n\t\t\t\t\t\t<\/div>\n\t\t\t\t<\/div>\n\t\t\t\t<div class=\"elementor-element elementor-element-647280b7 elementor-widget__width-initial elementor-widget-tablet__width-initial elementor-widget elementor-widget-heading\" data-id=\"647280b7\" data-element_type=\"widget\" data-widget_type=\"heading.default\">\n\t\t\t\t<div class=\"elementor-widget-container\">\n\t\t\t\t\t<h5 class=\"elementor-heading-title elementor-size-default\">Un resum de les diferents modalitats a les que us podeu inscriure<\/h5>\t\t\t\t<\/div>\n\t\t\t\t<\/div>\n\t\t\t\t\t<\/div>\n\t\t\t\t<\/div>\n\t\t<div class=\"elementor-element elementor-element-93e19f4 e-flex e-con-boxed e-con e-parent\" data-id=\"93e19f4\" data-element_type=\"container\" data-settings=\"{&quot;background_background&quot;:&quot;classic&quot;}\">\n\t\t\t\t\t<div class=\"e-con-inner\">\n\t\t\t\t<div class=\"elementor-element elementor-element-01829cb elementor-widget elementor-widget-text-editor\" data-id=\"01829cb\" data-element_type=\"widget\" data-widget_type=\"text-editor.default\">\n\t\t\t\t<div class=\"elementor-widget-container\">\n\t\t\t\t\t\t\t\t\t<p>Seguint la tradici\u00f3 del Concurs B\u00edblic, que al llarg de 40 edicions ha ajudat a despertar en infants, adolescents, joves i universitaris la import\u00e0ncia del coneixement i l&#8217;\u00fas de la B\u00edblia per acostar-nos a la figura de Jes\u00fas de Natzaret , la 41a edici\u00f3 continua per aquest cam\u00ed amb el desig de donar una nova embranzida a la recerca de l&#8217;esperan\u00e7a veritable.<\/p><p>Sota el t\u00edtol <strong>\u00abCaminem oberts a la Veritat\u00bb<\/strong> , convidem a la lectura i l&#8217;aprofundiment del passatge de l&#8217;Evangeli de Lluc que narra l&#8217;aparici\u00f3 de Jes\u00fas als dos deixebles que caminaven cap a <strong>Emma\u00fas (Lc 24,13-35)<\/strong>. Aquesta trobada ens permetr\u00e0 treballar valors fonamentals com l&#8217;amistat, el fet de caminar junts, l&#8217;acolliment, la descoberta d&#8217;un D\u00e9u proper i la joia de qui reconeix Jes\u00fas en la seva vida.<\/p><p>Aquesta proposta neix del binomi entre la Paraula de D\u00e9u i la voluntat d&#8217;impulsar el sentit de comunitat. El nostre objectiu \u00e9s donar resposta a la complexitat social actual a trav\u00e9s del treball en equip i el di\u00e0leg entre iguals, ajudant a cohesionar grups tant a les escoles com a les parr\u00f2quies.<\/p>\t\t\t\t\t\t\t\t<\/div>\n\t\t\t\t<\/div>\n\t\t\t\t\t<\/div>\n\t\t\t\t<\/div>\n\t\t<div class=\"elementor-element elementor-element-4381629 e-flex e-con-boxed e-con e-parent\" data-id=\"4381629\" data-element_type=\"container\">\n\t\t\t\t\t<div class=\"e-con-inner\">\n\t\t\t\t<div class=\"elementor-element elementor-element-e28fbca elementor-widget elementor-widget-spacer\" data-id=\"e28fbca\" data-element_type=\"widget\" id=\"infants\" data-widget_type=\"spacer.default\">\n\t\t\t\t<div class=\"elementor-widget-container\">\n\t\t\t\t\t\t\t<div class=\"elementor-spacer\">\n\t\t\t<div class=\"elementor-spacer-inner\"><\/div>\n\t\t<\/div>\n\t\t\t\t\t\t<\/div>\n\t\t\t\t<\/div>\n\t\t\t\t\t<\/div>\n\t\t\t\t<\/div>\n\t\t<div class=\"elementor-element elementor-element-c4edf98 e-flex e-con-boxed e-con e-parent\" data-id=\"c4edf98\" data-element_type=\"container\" data-settings=\"{&quot;background_background&quot;:&quot;classic&quot;}\">\n\t\t\t\t\t<div class=\"e-con-inner\">\n\t\t\t\t<div class=\"elementor-element elementor-element-727f1b3 elementor-widget elementor-widget-heading\" data-id=\"727f1b3\" data-element_type=\"widget\" data-widget_type=\"heading.default\">\n\t\t\t\t<div class=\"elementor-widget-container\">\n\t\t\t\t\t<h2 class=\"elementor-heading-title elementor-size-default\">Infants<\/h2>\t\t\t\t<\/div>\n\t\t\t\t<\/div>\n\t\t\t\t\t<\/div>\n\t\t\t\t<\/div>\n\t\t<div class=\"elementor-element elementor-element-e0974b4 e-flex e-con-boxed e-con e-parent\" data-id=\"e0974b4\" data-element_type=\"container\">\n\t\t\t\t\t<div class=\"e-con-inner\">\n\t\t\t\t<div class=\"elementor-element elementor-element-6de72ae elementor-widget elementor-widget-spacer\" data-id=\"6de72ae\" data-element_type=\"widget\" data-widget_type=\"spacer.default\">\n\t\t\t\t<div class=\"elementor-widget-container\">\n\t\t\t\t\t\t\t<div class=\"elementor-spacer\">\n\t\t\t<div class=\"elementor-spacer-inner\"><\/div>\n\t\t<\/div>\n\t\t\t\t\t\t<\/div>\n\t\t\t\t<\/div>\n\t\t\t\t\t<\/div>\n\t\t\t\t<\/div>\n\t\t<div class=\"elementor-element elementor-element-7e361ef8 e-flex e-con-boxed e-con e-parent\" data-id=\"7e361ef8\" data-element_type=\"container\" id=\"service1\">\n\t\t\t\t\t<div class=\"e-con-inner\">\n\t\t<div class=\"elementor-element elementor-element-132928fd e-con-full e-flex e-con e-child\" data-id=\"132928fd\" data-element_type=\"container\">\n\t\t\t\t<div class=\"elementor-element elementor-element-5c6ef7d elementor-widget elementor-widget-text-editor\" data-id=\"5c6ef7d\" data-element_type=\"widget\" data-widget_type=\"text-editor.default\">\n\t\t\t\t<div class=\"elementor-widget-container\">\n\t\t\t\t\t\t\t\t\t<p><strong>Cicle mitj\u00e0 i superior de prim\u00e0ria (3\u00e8 -6\u00e8 de prim\u00e0ria)<\/strong><\/p>\t\t\t\t\t\t\t\t<\/div>\n\t\t\t\t<\/div>\n\t\t\t\t<div class=\"elementor-element elementor-element-5d0976b elementor-widget elementor-widget-text-editor\" data-id=\"5d0976b\" data-element_type=\"widget\" data-widget_type=\"text-editor.default\">\n\t\t\t\t<div class=\"elementor-widget-container\">\n\t\t\t\t\t\t\t\t\t<p><strong>Qu\u00e8 cal fer?<\/strong>: Redactar un di\u00e0leg per escrit entre els dos deixebles quan tornen d&#8217;Emma\u00fas cap a Jerusalem.<\/p><p><strong>Requisits clau:<\/strong><\/p><p>S&#8217;ha de triar un nom amb significat (hebreu o grec) per al segon deixeble (el primer es diu Cleof\u00e0s).<\/p><p>En el text ha de sortir el nom escollit, el seu significat i les emocions viscudes durant l&#8217;experi\u00e8ncia.<\/p><p><strong>Format d&#8217;entrega:<\/strong> Un document DinA4 per una sola cara, ja sigui a m\u00e0 (escanejat) o a ordinador (PDF o Word).<\/p><p><strong>Treball en grup:<\/strong> Es recomana treballar en grups d&#8217;entre 5 i 10 participants.<\/p>\t\t\t\t\t\t\t\t<\/div>\n\t\t\t\t<\/div>\n\t\t\t\t<\/div>\n\t\t<div class=\"elementor-element elementor-element-2f14ea25 e-con-full e-flex e-con e-child\" data-id=\"2f14ea25\" data-element_type=\"container\">\n\t\t\t\t<div class=\"elementor-element elementor-element-ba6dd72 elementor-widget elementor-widget-image\" data-id=\"ba6dd72\" data-element_type=\"widget\" data-widget_type=\"image.default\">\n\t\t\t\t<div class=\"elementor-widget-container\">\n\t\t\t\t\t\t\t\t\t\t\t\t\t\t\t\t<a href=\"https:\/\/concursbiblic.com\/wp-content\/uploads\/2026\/01\/41-Concurs-Biblic-de-Catalunya-2026-GUIA-I-BASES.pdf\" target=\"_blank\">\n\t\t\t\t\t\t\t<img fetchpriority=\"high\" decoding=\"async\" width=\"724\" height=\"1024\" src=\"https:\/\/concursbiblic.com\/wp-content\/uploads\/2026\/01\/basesjpg.png\" class=\"attachment-large size-large wp-image-1131\" alt=\"\" \/>\t\t\t\t\t\t\t\t<\/a>\n\t\t\t\t\t\t\t\t\t\t\t\t\t\t\t<\/div>\n\t\t\t\t<\/div>\n\t\t\t\t<\/div>\n\t\t<div class=\"elementor-element elementor-element-6ffb456 e-con-full e-flex e-con e-child\" data-id=\"6ffb456\" data-element_type=\"container\">\n\t\t\t\t<div class=\"elementor-element elementor-element-ddfc3c6 elementor-widget elementor-widget-image\" data-id=\"ddfc3c6\" data-element_type=\"widget\" data-widget_type=\"image.default\">\n\t\t\t\t<div class=\"elementor-widget-container\">\n\t\t\t\t\t\t\t\t\t\t\t\t\t\t\t\t<a href=\"https:\/\/concursbiblic.com\/wp-content\/uploads\/2026\/02\/Fitxa-entrega-treball-primaria-2026.docx\" target=\"_blank\">\n\t\t\t\t\t\t\t<img decoding=\"async\" width=\"724\" height=\"1024\" src=\"https:\/\/concursbiblic.com\/wp-content\/uploads\/2026\/02\/Fitxa-entrega-treball-primaria-2026.jpg\" class=\"attachment-large size-large wp-image-1186\" alt=\"\" \/>\t\t\t\t\t\t\t\t<\/a>\n\t\t\t\t\t\t\t\t\t\t\t\t\t\t\t<\/div>\n\t\t\t\t<\/div>\n\t\t\t\t<\/div>\n\t\t\t\t\t<\/div>\n\t\t\t\t<\/div>\n\t\t<div class=\"elementor-element elementor-element-5a051be e-flex e-con-boxed e-con e-parent\" data-id=\"5a051be\" data-element_type=\"container\" data-settings=\"{&quot;background_background&quot;:&quot;classic&quot;}\">\n\t\t\t\t\t<div class=\"e-con-inner\">\n\t\t\t\t<div class=\"elementor-element elementor-element-988c447 elementor-widget elementor-widget-heading\" data-id=\"988c447\" data-element_type=\"widget\" data-widget_type=\"heading.default\">\n\t\t\t\t<div class=\"elementor-widget-container\">\n\t\t\t\t\t<h2 class=\"elementor-heading-title elementor-size-default\">Adolescents<\/h2>\t\t\t\t<\/div>\n\t\t\t\t<\/div>\n\t\t\t\t\t<\/div>\n\t\t\t\t<\/div>\n\t\t<div class=\"elementor-element elementor-element-8052f6b e-flex e-con-boxed e-con e-parent\" data-id=\"8052f6b\" data-element_type=\"container\">\n\t\t\t\t\t<div class=\"e-con-inner\">\n\t\t\t\t<div class=\"elementor-element elementor-element-8ea48cd elementor-widget elementor-widget-spacer\" data-id=\"8ea48cd\" data-element_type=\"widget\" data-widget_type=\"spacer.default\">\n\t\t\t\t<div class=\"elementor-widget-container\">\n\t\t\t\t\t\t\t<div class=\"elementor-spacer\">\n\t\t\t<div class=\"elementor-spacer-inner\"><\/div>\n\t\t<\/div>\n\t\t\t\t\t\t<\/div>\n\t\t\t\t<\/div>\n\t\t\t\t\t<\/div>\n\t\t\t\t<\/div>\n\t\t<div class=\"elementor-element elementor-element-d21f53b e-flex e-con-boxed e-con e-parent\" data-id=\"d21f53b\" data-element_type=\"container\">\n\t\t\t\t\t<div class=\"e-con-inner\">\n\t\t<div class=\"elementor-element elementor-element-686a91d e-con-full e-flex e-con e-child\" data-id=\"686a91d\" data-element_type=\"container\">\n\t\t\t\t<div class=\"elementor-element elementor-element-3443ebe elementor-widget elementor-widget-text-editor\" data-id=\"3443ebe\" data-element_type=\"widget\" data-widget_type=\"text-editor.default\">\n\t\t\t\t<div class=\"elementor-widget-container\">\n\t\t\t\t\t\t\t\t\t<p><strong>Educaci\u00f3 Secundaria (1er &#8211; 4rt d\u2019ESO)<\/strong><\/p>\t\t\t\t\t\t\t\t<\/div>\n\t\t\t\t<\/div>\n\t\t\t\t<div class=\"elementor-element elementor-element-924bbe5 elementor-widget elementor-widget-text-editor\" data-id=\"924bbe5\" data-element_type=\"widget\" data-widget_type=\"text-editor.default\">\n\t\t\t\t<div class=\"elementor-widget-container\">\n\t\t\t\t\t\t\t\t\t<p><strong>Qu\u00e8 cal fer?:<\/strong> Enregistrar un \u00e0udio que reprodueixi la conversa entre els dos deixebles en el seu cam\u00ed de tornada a Jerusalem.<\/p><p><br \/><strong>Requisits clau:<\/strong><\/p><p>Igual que en la modalitat infantil, cal triar un nom b\u00edblic amb significat per a l&#8217;altre deixeble.<\/p><p>El di\u00e0leg ha de reflectir el nom triat, el seu significat i les emocions dels protagonistes.<\/p><p><strong>Format d&#8217;entrega:<\/strong> Un fitxer d&#8217;\u00e0udio (mp3, wav, etc.) amb una durada m\u00e0xima de 3 minuts.<\/p><p><strong>Treball en grup:<\/strong> Es suggereix formar grups d&#8217;entre 4 i 6 alumnes.<\/p>\t\t\t\t\t\t\t\t<\/div>\n\t\t\t\t<\/div>\n\t\t\t\t<\/div>\n\t\t<div class=\"elementor-element elementor-element-092c45e e-con-full e-flex e-con e-child\" data-id=\"092c45e\" data-element_type=\"container\">\n\t\t\t\t<div class=\"elementor-element elementor-element-193d890 elementor-widget elementor-widget-image\" data-id=\"193d890\" data-element_type=\"widget\" data-widget_type=\"image.default\">\n\t\t\t\t<div class=\"elementor-widget-container\">\n\t\t\t\t\t\t\t\t\t\t\t\t\t\t\t\t<a href=\"https:\/\/concursbiblic.com\/wp-content\/uploads\/2026\/01\/41-Concurs-Biblic-de-Catalunya-2026-GUIA-I-BASES.pdf\" target=\"_blank\">\n\t\t\t\t\t\t\t<img fetchpriority=\"high\" decoding=\"async\" width=\"724\" height=\"1024\" src=\"https:\/\/concursbiblic.com\/wp-content\/uploads\/2026\/01\/basesjpg.png\" class=\"attachment-large size-large wp-image-1131\" alt=\"\" \/>\t\t\t\t\t\t\t\t<\/a>\n\t\t\t\t\t\t\t\t\t\t\t\t\t\t\t<\/div>\n\t\t\t\t<\/div>\n\t\t\t\t<\/div>\n\t\t\t\t\t<\/div>\n\t\t\t\t<\/div>\n\t\t<div class=\"elementor-element elementor-element-8a5a739 e-flex e-con-boxed e-con e-parent\" data-id=\"8a5a739\" data-element_type=\"container\" id=\"universitari\">\n\t\t\t\t\t<div class=\"e-con-inner\">\n\t\t\t\t<div class=\"elementor-element elementor-element-7faf674 elementor-widget elementor-widget-spacer\" data-id=\"7faf674\" data-element_type=\"widget\" data-widget_type=\"spacer.default\">\n\t\t\t\t<div class=\"elementor-widget-container\">\n\t\t\t\t\t\t\t<div class=\"elementor-spacer\">\n\t\t\t<div class=\"elementor-spacer-inner\"><\/div>\n\t\t<\/div>\n\t\t\t\t\t\t<\/div>\n\t\t\t\t<\/div>\n\t\t\t\t\t<\/div>\n\t\t\t\t<\/div>\n\t\t<div class=\"elementor-element elementor-element-8bbd812 e-flex e-con-boxed e-con e-parent\" data-id=\"8bbd812\" data-element_type=\"container\" data-settings=\"{&quot;background_background&quot;:&quot;classic&quot;}\">\n\t\t\t\t\t<div class=\"e-con-inner\">\n\t\t<div class=\"elementor-element elementor-element-b2008e8 e-con-full e-flex e-con e-child\" data-id=\"b2008e8\" data-element_type=\"container\">\n\t\t\t\t<div class=\"elementor-element elementor-element-6d4c8f8 elementor-widget elementor-widget-heading\" data-id=\"6d4c8f8\" data-element_type=\"widget\" data-widget_type=\"heading.default\">\n\t\t\t\t<div class=\"elementor-widget-container\">\n\t\t\t\t\t<h2 class=\"elementor-heading-title elementor-size-default\">Universitari<\/h2>\t\t\t\t<\/div>\n\t\t\t\t<\/div>\n\t\t\t\t<\/div>\n\t\t\t\t<div class=\"elementor-element elementor-element-6d9c469 elementor-widget elementor-widget-text-editor\" data-id=\"6d9c469\" data-element_type=\"widget\" data-widget_type=\"text-editor.default\">\n\t\t\t\t<div class=\"elementor-widget-container\">\n\t\t\t\t\t\t\t\t\t<p><strong>Estudiants de grau, postgrau\/m\u00e0ster, doctorat<\/strong> de qualsevol universitat catalana i, per extensi\u00f3, les de la resta de l\u2019Estat i universitaris de parla<br \/>catalana o castellana de centres d\u2019altres pa\u00efsos (no estudiants de Teologia o Ci\u00e8ncies Religioses).<\/p>\t\t\t\t\t\t\t\t<\/div>\n\t\t\t\t<\/div>\n\t\t\t\t\t<\/div>\n\t\t\t\t<\/div>\n\t\t<div class=\"elementor-element elementor-element-5e7a312 e-flex e-con-boxed e-con e-parent\" data-id=\"5e7a312\" data-element_type=\"container\" data-settings=\"{&quot;background_background&quot;:&quot;classic&quot;}\">\n\t\t\t\t\t<div class=\"e-con-inner\">\n\t\t<div class=\"elementor-element elementor-element-d4c0b68 e-con-full e-flex e-con e-child\" data-id=\"d4c0b68\" data-element_type=\"container\">\n\t\t\t\t<div class=\"elementor-element elementor-element-d3eec7f elementor-widget elementor-widget-text-editor\" data-id=\"d3eec7f\" data-element_type=\"widget\" data-widget_type=\"text-editor.default\">\n\t\t\t\t<div class=\"elementor-widget-container\">\n\t\t\t\t\t\t\t\t\t<p>Coorganitzat conjuntament amb el <strong>SAFORUAB \u2014Servei d\u2019Assist\u00e8ncia i Formaci\u00f3 Religioses a la Universitat Aut\u00f2noma de Barcelona<\/strong>\u2014 amb la voluntat d\u2019ajudar els universitaris a descobrir i a enamorar-se de la Font de vida que es troba a la B\u00edblia.<\/p><p>El lema d&#8217;aquest curs, inspirat com cada edici\u00f3 en un text b\u00edblic \u2014enguany l&#8217;aparici\u00f3 de Jes\u00fas als deixebles <strong>d&#8217;Emma\u00fas (Lc 24, 13-35)<\/strong>\u2014, \u00e9s \u00ab<strong>Caminem oberts a la Veritat<\/strong>\u00bb. Es tracta de cercar, des d&#8217;un rerefons b\u00edblic, actituds, nexes, principis i propostes v\u00e0lides per a caminar junts, fomentant el di\u00e0leg i la recerca de la veritat entre les diverses branques del coneixement (ci\u00e8ncies socials, ci\u00e8ncies humanes, ci\u00e8ncies experimentals i tecnol\u00f2giques, ci\u00e8ncies de la salut&#8230;). Aquesta edici\u00f3 posa l&#8217;accent en el sentit de comunitat, l&#8217;acollida i l&#8217;experi\u00e8ncia compartida com a motors per a la transformaci\u00f3 social i personal.<\/p>\t\t\t\t\t\t\t\t<\/div>\n\t\t\t\t<\/div>\n\t\t\t\t<\/div>\n\t\t<div class=\"elementor-element elementor-element-a5405e5 e-con-full e-flex e-con e-child\" data-id=\"a5405e5\" data-element_type=\"container\">\n\t\t\t\t<div class=\"elementor-element elementor-element-48b73f6 elementor-widget elementor-widget-heading\" data-id=\"48b73f6\" data-element_type=\"widget\" data-widget_type=\"heading.default\">\n\t\t\t\t<div class=\"elementor-widget-container\">\n\t\t\t\t\t<h2 class=\"elementor-heading-title elementor-size-default\">Catal\u00e0<\/h2>\t\t\t\t<\/div>\n\t\t\t\t<\/div>\n\t\t\t\t<div class=\"elementor-element elementor-element-3fb170c elementor-widget elementor-widget-image\" data-id=\"3fb170c\" data-element_type=\"widget\" data-widget_type=\"image.default\">\n\t\t\t\t<div class=\"elementor-widget-container\">\n\t\t\t\t\t\t\t\t\t\t\t\t\t\t\t\t<a href=\"https:\/\/concursbiblic.com\/wp-content\/uploads\/2025\/03\/CBU_cartell2024-25-CATALA.pdf\" target=\"_blank\">\n\t\t\t\t\t\t\t<img decoding=\"async\" width=\"1754\" height=\"2481\" src=\"https:\/\/concursbiblic.com\/wp-content\/uploads\/2026\/01\/23-Concurs-Biblic-Universitari-2026-Cartell-Catala_page-0001.jpg\" class=\"attachment-full size-full wp-image-1150\" alt=\"\" \/>\t\t\t\t\t\t\t\t<\/a>\n\t\t\t\t\t\t\t\t\t\t\t\t\t\t\t<\/div>\n\t\t\t\t<\/div>\n\t\t\t\t<div class=\"elementor-element elementor-element-4264691 elementor-align-center elementor-widget elementor-widget-button\" data-id=\"4264691\" data-element_type=\"widget\" data-widget_type=\"button.default\">\n\t\t\t\t<div class=\"elementor-widget-container\">\n\t\t\t\t\t\t\t\t\t<div class=\"elementor-button-wrapper\">\n\t\t\t\t\t<a class=\"elementor-button elementor-button-link elementor-size-sm\" href=\"https:\/\/concursbiblic.com\/wp-content\/uploads\/2026\/01\/23-Concurs-Biblic-Universitari-2026-Bases-Catala.pdf\" target=\"_blank\">\n\t\t\t\t\t\t<span class=\"elementor-button-content-wrapper\">\n\t\t\t\t\t\t\t\t\t<span class=\"elementor-button-text\">bases catal\u00e0<\/span>\n\t\t\t\t\t<\/span>\n\t\t\t\t\t<\/a>\n\t\t\t\t<\/div>\n\t\t\t\t\t\t\t\t<\/div>\n\t\t\t\t<\/div>\n\t\t\t\t<\/div>\n\t\t<div class=\"elementor-element elementor-element-231388a e-con-full e-flex e-con e-child\" data-id=\"231388a\" data-element_type=\"container\">\n\t\t\t\t<div class=\"elementor-element elementor-element-82ab98c elementor-widget elementor-widget-heading\" data-id=\"82ab98c\" data-element_type=\"widget\" data-widget_type=\"heading.default\">\n\t\t\t\t<div class=\"elementor-widget-container\">\n\t\t\t\t\t<h2 class=\"elementor-heading-title elementor-size-default\">Castellano<\/h2>\t\t\t\t<\/div>\n\t\t\t\t<\/div>\n\t\t\t\t<div class=\"elementor-element elementor-element-779f5f1 elementor-widget elementor-widget-image\" data-id=\"779f5f1\" data-element_type=\"widget\" data-widget_type=\"image.default\">\n\t\t\t\t<div class=\"elementor-widget-container\">\n\t\t\t\t\t\t\t\t\t\t\t\t\t\t\t\t<a href=\"https:\/\/concursbiblic.com\/wp-content\/uploads\/2025\/03\/CBU_cartell2024-25-CASTELLANO.pdf\" target=\"_blank\">\n\t\t\t\t\t\t\t<img loading=\"lazy\" decoding=\"async\" width=\"724\" height=\"1024\" src=\"https:\/\/concursbiblic.com\/wp-content\/uploads\/2026\/01\/23-Concurs-Biblic-Universitari-2026-Cartel-Castellano_page-0001-1.jpg\" class=\"attachment-large size-large wp-image-1152\" alt=\"\" \/>\t\t\t\t\t\t\t\t<\/a>\n\t\t\t\t\t\t\t\t\t\t\t\t\t\t\t<\/div>\n\t\t\t\t<\/div>\n\t\t\t\t<div class=\"elementor-element elementor-element-cd9c7f6 elementor-align-center elementor-widget elementor-widget-button\" data-id=\"cd9c7f6\" data-element_type=\"widget\" data-widget_type=\"button.default\">\n\t\t\t\t<div class=\"elementor-widget-container\">\n\t\t\t\t\t\t\t\t\t<div class=\"elementor-button-wrapper\">\n\t\t\t\t\t<a class=\"elementor-button elementor-button-link elementor-size-sm\" href=\"https:\/\/concursbiblic.com\/wp-content\/uploads\/2026\/01\/23-Concurs-Biblic-Universitari-2026-Bases-Castellano.pdf\" target=\"_blank\">\n\t\t\t\t\t\t<span class=\"elementor-button-content-wrapper\">\n\t\t\t\t\t\t\t\t\t<span class=\"elementor-button-text\">bases castellano<\/span>\n\t\t\t\t\t<\/span>\n\t\t\t\t\t<\/a>\n\t\t\t\t<\/div>\n\t\t\t\t\t\t\t\t<\/div>\n\t\t\t\t<\/div>\n\t\t\t\t<\/div>\n\t\t\t\t\t<\/div>\n\t\t\t\t<\/div>\n\t\t<div class=\"elementor-element elementor-element-79a0d37 e-flex e-con-boxed e-con e-parent\" data-id=\"79a0d37\" data-element_type=\"container\">\n\t\t\t\t\t<div class=\"e-con-inner\">\n\t\t\t\t<div class=\"elementor-element elementor-element-22a6075 elementor-widget elementor-widget-spacer\" data-id=\"22a6075\" data-element_type=\"widget\" data-widget_type=\"spacer.default\">\n\t\t\t\t<div class=\"elementor-widget-container\">\n\t\t\t\t\t\t\t<div class=\"elementor-spacer\">\n\t\t\t<div class=\"elementor-spacer-inner\"><\/div>\n\t\t<\/div>\n\t\t\t\t\t\t<\/div>\n\t\t\t\t<\/div>\n\t\t\t\t\t<\/div>\n\t\t\t\t<\/div>\n\t\t\t\t<\/div>\n\t\t","protected":false},"excerpt":{"rendered":"<p>Modalitats Un resum de les diferents modalitats a les que us podeu inscriure Seguint la tradici\u00f3 del Concurs B\u00edblic, que al llarg de 40 edicions ha ajudat a despertar en infants, adolescents, joves i universitaris la import\u00e0ncia del coneixement i l&#8217;\u00fas de la B\u00edblia per acostar-nos a la figura de Jes\u00fas de Natzaret , la [&hellip;]<\/p>\n","protected":false},"author":1,"featured_media":0,"parent":0,"menu_order":0,"comment_status":"closed","ping_status":"closed","template":"elementor_header_footer","meta":{"footnotes":""},"class_list":["post-26","page","type-page","status-publish","hentry"],"_links":{"self":[{"href":"https:\/\/concursbiblic.com\/index.php\/wp-json\/wp\/v2\/pages\/26","targetHints":{"allow":["GET"]}}],"collection":[{"href":"https:\/\/concursbiblic.com\/index.php\/wp-json\/wp\/v2\/pages"}],"about":[{"href":"https:\/\/concursbiblic.com\/index.php\/wp-json\/wp\/v2\/types\/page"}],"author":[{"embeddable":true,"href":"https:\/\/concursbiblic.com\/index.php\/wp-json\/wp\/v2\/users\/1"}],"replies":[{"embeddable":true,"href":"https:\/\/concursbiblic.com\/index.php\/wp-json\/wp\/v2\/comments?post=26"}],"version-history":[{"count":275,"href":"https:\/\/concursbiblic.com\/index.php\/wp-json\/wp\/v2\/pages\/26\/revisions"}],"predecessor-version":[{"id":1198,"href":"https:\/\/concursbiblic.com\/index.php\/wp-json\/wp\/v2\/pages\/26\/revisions\/1198"}],"wp:attachment":[{"href":"https:\/\/concursbiblic.com\/index.php\/wp-json\/wp\/v2\/media?parent=26"}],"curies":[{"name":"wp","href":"https:\/\/api.w.org\/{rel}","templated":true}]}}