{"id":29,"date":"2024-12-20T10:49:34","date_gmt":"2024-12-20T09:49:34","guid":{"rendered":"https:\/\/concursbiblic.bisbatdeterrassa.org\/index.php\/about\/"},"modified":"2025-04-29T18:27:54","modified_gmt":"2025-04-29T16:27:54","slug":"qui-som","status":"publish","type":"page","link":"https:\/\/concursbiblic.com\/index.php\/qui-som\/","title":{"rendered":"Qui som"},"content":{"rendered":"\t\t<div data-elementor-type=\"wp-page\" data-elementor-id=\"29\" class=\"elementor elementor-29\">\n\t\t\t\t<div class=\"elementor-element elementor-element-8dea6c3 e-flex e-con-boxed e-con e-parent\" data-id=\"8dea6c3\" data-element_type=\"container\">\n\t\t\t\t\t<div class=\"e-con-inner\">\n\t\t<div class=\"elementor-element elementor-element-0dc3c4a e-con-full e-flex e-con e-child\" data-id=\"0dc3c4a\" data-element_type=\"container\">\n\t\t\t\t<div class=\"elementor-element elementor-element-f43a2cf elementor-widget elementor-widget-heading\" data-id=\"f43a2cf\" data-element_type=\"widget\" data-widget_type=\"heading.default\">\n\t\t\t\t<div class=\"elementor-widget-container\">\n\t\t\t\t\t<h1 class=\"elementor-heading-title elementor-size-default\">Qui som<\/h1>\t\t\t\t<\/div>\n\t\t\t\t<\/div>\n\t\t\t\t<div class=\"elementor-element elementor-element-5d933b4 elementor-widget-divider--view-line elementor-widget elementor-widget-divider\" data-id=\"5d933b4\" data-element_type=\"widget\" data-widget_type=\"divider.default\">\n\t\t\t\t<div class=\"elementor-widget-container\">\n\t\t\t\t\t\t\t<div class=\"elementor-divider\">\n\t\t\t<span class=\"elementor-divider-separator\">\n\t\t\t\t\t\t<\/span>\n\t\t<\/div>\n\t\t\t\t\t\t<\/div>\n\t\t\t\t<\/div>\n\t\t\t\t<\/div>\n\t\t\t\t\t<\/div>\n\t\t\t\t<\/div>\n\t\t<div class=\"elementor-element elementor-element-771db64c e-con-full e-flex e-con e-parent\" data-id=\"771db64c\" data-element_type=\"container\">\n\t\t<div class=\"elementor-element elementor-element-94cc8e e-con-full e-flex e-con e-child\" data-id=\"94cc8e\" data-element_type=\"container\">\n\t\t\t\t<div class=\"elementor-element elementor-element-4172f58f elementor-pagination-position-inside elementor-widget elementor-widget-image-carousel\" data-id=\"4172f58f\" data-element_type=\"widget\" data-settings=\"{&quot;slides_to_show&quot;:&quot;1&quot;,&quot;navigation&quot;:&quot;dots&quot;,&quot;pause_on_hover&quot;:&quot;no&quot;,&quot;pause_on_interaction&quot;:&quot;no&quot;,&quot;autoplay&quot;:&quot;yes&quot;,&quot;autoplay_speed&quot;:5000,&quot;infinite&quot;:&quot;yes&quot;,&quot;effect&quot;:&quot;slide&quot;,&quot;speed&quot;:500}\" data-widget_type=\"image-carousel.default\">\n\t\t\t\t<div class=\"elementor-widget-container\">\n\t\t\t\t\t\t\t<div class=\"elementor-image-carousel-wrapper swiper\" role=\"region\" aria-roledescription=\"carousel\" aria-label=\"Carrusel de im\u00e1genes\" dir=\"ltr\">\n\t\t\t<div class=\"elementor-image-carousel swiper-wrapper swiper-image-stretch\" aria-live=\"off\">\n\t\t\t\t\t\t\t\t<div class=\"swiper-slide\" role=\"group\" aria-roledescription=\"slide\" aria-label=\"1 de 1\"><figure class=\"swiper-slide-inner\"><img decoding=\"async\" class=\"swiper-slide-image\" src=\"https:\/\/concursbiblic.com\/wp-content\/uploads\/2025\/01\/Sense-titol-A4-horitzontal.png\" alt=\"Sense t\u00edtol (A4 (horitzontal))\" \/><\/figure><\/div>\t\t\t<\/div>\n\t\t\t\t\t<\/div>\n\t\t\t\t\t\t<\/div>\n\t\t\t\t<\/div>\n\t\t\t\t<\/div>\n\t\t<div class=\"elementor-element elementor-element-5c54cbf4 e-con-full e-flex e-con e-child\" data-id=\"5c54cbf4\" data-element_type=\"container\">\n\t\t\t\t<div class=\"elementor-element elementor-element-fb77d95 elementor-widget__width-initial elementor-widget elementor-widget-text-editor\" data-id=\"fb77d95\" data-element_type=\"widget\" data-widget_type=\"text-editor.default\">\n\t\t\t\t<div class=\"elementor-widget-container\">\n\t\t\t\t\t\t\t\t\t<p><b data-olk-copy-source=\"MessageBody\">Consell Director CBC (constitu\u00eft el 17 de setembre de 2024):&nbsp;<\/b>directrius i finan\u00e7ament de la nova etapa 24-25&nbsp;<span style=\"background-color: transparent; color: var( --e-global-color-text ); font-family: var( --e-global-typography-text-font-family ), Sans-serif; font-style: var( --e-global-typography-text-font-style ); font-weight: var( --e-global-typography-text-font-weight ); letter-spacing: var( --e-global-typography-text-letter-spacing ); text-transform: var( --e-global-typography-text-text-transform ); text-align: var(--text-align);\"><br><\/span><\/p>\n<ul>\n<li><span style=\"background-color: transparent; color: var( --e-global-color-text ); font-family: var( --e-global-typography-text-font-family ), Sans-serif; font-style: var( --e-global-typography-text-font-style ); font-weight: var( --e-global-typography-text-font-weight ); letter-spacing: var( --e-global-typography-text-letter-spacing ); text-transform: var( --e-global-typography-text-text-transform ); text-align: var(--text-align);\">Dos representants de la FCC (Federaci\u00f3 de Cristians de Catalunya), el president&nbsp; Sr. Xavier Puigdollers i el vicepresident&nbsp; Sr. Josep M. Subirachs<\/span><\/li>\n<li>Dos representants del Bisbat de Terrassa: el Vicari General, Mn. Fidel Catalan, i el Responsable de la Comissi\u00f3 Diocesana de Formaci\u00f3&nbsp;i Director del Consell, Mn. Josep Monfort<\/li>\n<li class=\"x_elementToProof\">Un representant del SIC (Secretariat Interdioces\u00e0 de Catequesi): Mn. Santi Collell<\/li>\n<li class=\"x_elementToProof\">Un representant del SIERC (Secretariat Interdioces\u00e0 d&#8217;Ensenyament de la Religi\u00f3 a Catalunya):&nbsp; Sr. Rafael Mu\u00f1oz<\/li>\n<li class=\"x_elementToProof\">Un representant de la FECC (Fundaci\u00f3 Escola Cristiana de Catalunya):&nbsp; Sr. Eloi Aran<\/li>\n<\/ul>\n<p><b>Consell Executiu CBC&nbsp;<\/b><b>(constitu\u00eft el&nbsp;<\/b><b>4 de desembre de 2024):&nbsp;<\/b>&nbsp;elaboraci\u00f3 del contingut, correcci\u00f3 i veredicte.&nbsp;<\/p>\n<ul>\n<li class=\"x_elementToProof\">Responsable del Consell: Mn. Josep Monfort<\/li>\n<li>Especialista en Sagrada Escriptura : Mn. Francisco Atienza<\/li>\n<li>Dos docents de la FECC: Sra. Alicia Gonzalez-Nicolas (directora Llar d\u2019Infants ) i Sr. Ignacio Fern\u00e1ndez (professor secund\u00e0ria)<\/li>\n<li>Una catequista del SIC: Assumpci\u00f3 Gamb\u00fas (i professora de prim\u00e0ria)<\/li>\n<li>Un professor de secund\u00e0ria: Sr. Ferran Blasco<\/li>\n<li>Una Doctora en Pedagogia: Sra. Rosa Serra<\/li>\n<li class=\"x_elementToProof\">Membres externs-Suport t\u00e8cnic. Secretaria-difusi\u00f3: Adri\u00e0 Castell\u00f3, C\u00e9sar Gonz\u00e1lez, + T\u00e8cnics d&#8217;inform\u00e0tica del Bisbat de Terrassa, Manel i David&nbsp;<\/li>\n<\/ul>\t\t\t\t\t\t\t\t<\/div>\n\t\t\t\t<\/div>\n\t\t\t\t<\/div>\n\t\t\t\t<\/div>\n\t\t\t\t<\/div>\n\t\t","protected":false},"excerpt":{"rendered":"<p>Qui som Consell Director CBC (constitu\u00eft el 17 de setembre de 2024):&nbsp;directrius i finan\u00e7ament de la nova etapa 24-25&nbsp; Dos representants de la FCC (Federaci\u00f3 de Cristians de Catalunya), el president&nbsp; Sr. Xavier Puigdollers i el vicepresident&nbsp; Sr. Josep M. Subirachs Dos representants del Bisbat de Terrassa: el Vicari General, Mn. Fidel Catalan, i el [&hellip;]<\/p>\n","protected":false},"author":1,"featured_media":0,"parent":0,"menu_order":0,"comment_status":"closed","ping_status":"closed","template":"elementor_header_footer","meta":{"footnotes":""},"class_list":["post-29","page","type-page","status-publish","hentry"],"_links":{"self":[{"href":"https:\/\/concursbiblic.com\/index.php\/wp-json\/wp\/v2\/pages\/29","targetHints":{"allow":["GET"]}}],"collection":[{"href":"https:\/\/concursbiblic.com\/index.php\/wp-json\/wp\/v2\/pages"}],"about":[{"href":"https:\/\/concursbiblic.com\/index.php\/wp-json\/wp\/v2\/types\/page"}],"author":[{"embeddable":true,"href":"https:\/\/concursbiblic.com\/index.php\/wp-json\/wp\/v2\/users\/1"}],"replies":[{"embeddable":true,"href":"https:\/\/concursbiblic.com\/index.php\/wp-json\/wp\/v2\/comments?post=29"}],"version-history":[{"count":32,"href":"https:\/\/concursbiblic.com\/index.php\/wp-json\/wp\/v2\/pages\/29\/revisions"}],"predecessor-version":[{"id":1030,"href":"https:\/\/concursbiblic.com\/index.php\/wp-json\/wp\/v2\/pages\/29\/revisions\/1030"}],"wp:attachment":[{"href":"https:\/\/concursbiblic.com\/index.php\/wp-json\/wp\/v2\/media?parent=29"}],"curies":[{"name":"wp","href":"https:\/\/api.w.org\/{rel}","templated":true}]}}