{"id":526,"date":"2025-01-22T15:59:10","date_gmt":"2025-01-22T14:59:10","guid":{"rendered":"https:\/\/concursbiblic.com\/?page_id=526"},"modified":"2025-01-22T16:12:18","modified_gmt":"2025-01-22T15:12:18","slug":"avis-legal","status":"publish","type":"page","link":"https:\/\/concursbiblic.com\/index.php\/avis-legal\/","title":{"rendered":"Av\u00eds legal"},"content":{"rendered":"\t\t<div data-elementor-type=\"wp-page\" data-elementor-id=\"526\" class=\"elementor elementor-526\">\n\t\t\t\t<div class=\"elementor-element elementor-element-58dd1715 e-flex e-con-boxed e-con e-parent\" data-id=\"58dd1715\" data-element_type=\"container\">\n\t\t\t\t\t<div class=\"e-con-inner\">\n\t\t\t\t<div class=\"elementor-element elementor-element-79db8ebb elementor-widget elementor-widget-heading\" data-id=\"79db8ebb\" data-element_type=\"widget\" data-widget_type=\"heading.default\">\n\t\t\t\t<div class=\"elementor-widget-container\">\n\t\t\t\t\t<h1 class=\"elementor-heading-title elementor-size-default\">Av\u00eds legal<\/h1>\t\t\t\t<\/div>\n\t\t\t\t<\/div>\n\t\t\t\t<div class=\"elementor-element elementor-element-38911a7b elementor-widget-divider--view-line elementor-widget elementor-widget-divider\" data-id=\"38911a7b\" data-element_type=\"widget\" data-widget_type=\"divider.default\">\n\t\t\t\t<div class=\"elementor-widget-container\">\n\t\t\t\t\t\t\t<div class=\"elementor-divider\">\n\t\t\t<span class=\"elementor-divider-separator\">\n\t\t\t\t\t\t<\/span>\n\t\t<\/div>\n\t\t\t\t\t\t<\/div>\n\t\t\t\t<\/div>\n\t\t\t\t\t<\/div>\n\t\t\t\t<\/div>\n\t\t<div class=\"elementor-element elementor-element-a1387bd e-flex e-con-boxed e-con e-parent\" data-id=\"a1387bd\" data-element_type=\"container\">\n\t\t\t\t\t<div class=\"e-con-inner\">\n\t\t\t\t<div class=\"elementor-element elementor-element-6853d8ff elementor-widget elementor-widget-text-editor\" data-id=\"6853d8ff\" data-element_type=\"widget\" data-widget_type=\"text-editor.default\">\n\t\t\t\t<div class=\"elementor-widget-container\">\n\t\t\t\t\t\t\t\t\t<p>El present Av\u00eds Legal regula les condicions generals d\u2019acc\u00e9s i utilitzaci\u00f3 del lloc web amb adre\u00e7a URL\u00a0<strong><a href=\"https:\/\/www.concursbiblic.com\">https:\/\/www.concursbiblic.com<\/a><\/strong> \u00a0(en endavant \u00ablloc web\u00bb).<\/p><p>La finalitat del lloc web \u00e9s informar els usuaris dels serveis i gestionar les relacions i comunicacions que la <span lang=\"CA\">FEDERACI\u00d3 DE CRISTIANS DE CATALUNYA i EL BISBAT DE TERRASSA<\/span>, pugui tenir amb vost\u00e8, aix\u00ed com oferir informaci\u00f3 i serveis del seu inter\u00e8s.<\/p><ol><li><strong>IDENTIFICACI\u00d3 DEL TITULAR DEL DOMINI<\/strong><\/li><\/ol><p>En compliment del deure d\u2019informaci\u00f3 recollit a l\u2019article 10 de la Llei 34\/2002, d\u201911 de juliol, de Serveis de la Societat de la Informaci\u00f3 i del Comer\u00e7 Electr\u00f2nic, es publiquen les seg\u00fcents dades:<\/p><ul><li>El titular d\u2019aquest lloc web \u00e9s:<\/li><\/ul><p>\u00a0<\/p><p><span lang=\"CA\">BISBAT DE TERRASSA I FEDERACI\u00d3 DE CRISTIANS DE CATALUNYA<\/span><\/p><p><span lang=\"CA\">CIF R0801782D &#8211; R0801584D<\/span><\/p><p><span lang=\"CA\">Domicili social al Carrer Vinyals, 47-49 08221 Terrassa (Barcelona) i Carrer de Cal\u00e0bria, 273, L&#8217;Eixample, 08029 (Barcelona).<\/span><\/p><p><span lang=\"CA\">Tel\u00e8fon 937 33 71 20.<\/span><\/p><p><span lang=\"CA\">Delegat de Protecci\u00f3 de Dades, per part del Bisbat de Terrassa: <\/span><span lang=\"CA\">protecciodades@bisbatdeterrassa.org<\/span><span lang=\"CA\">.<\/span><\/p><p>\u00a0<\/p><ol start=\"2\"><li><strong>CONDICIONS GENERALS D\u2019\u00daS DE LA P\u00c0GINA WEB<\/strong><\/li><\/ol><p>\u00a0<\/p><ul><li>T\u00e9 la condici\u00f3 d\u2019usuari tot aquell que accedeixi a aquest lloc web i utilitzi els seus serveis.<\/li><\/ul><ul><li>Pel sol fet d\u2019entrar en la present p\u00e0gina web, l\u2019usuari accepta les presents condicions d\u2019\u00fas i assumeix la responsabilitat de l\u2019\u00fas que pugui realitzar d\u2019aquest lloc sota els principis de respecte a la legalitat vigent, a la moral, a l\u2019ordre p\u00fablic, als bons costums i als drets de tercers.<\/li><\/ul><ul><li>Aquesta responsabilitat s\u2019 est\u00e9n al registre que fos necessari per accedir a determinats serveis o continguts, en el proc\u00e9s dels quals l\u2019 usuari haur\u00e0 d\u2019 aportar informaci\u00f3 vera\u00e7 i l\u00edcita.<\/li><\/ul><p>L\u2019usuari es compromet a realitzar un \u00fas adequat dels continguts i serveis que la La <span lang=\"CA\">FEDERACI\u00d3 DE CRISTIANS DE CATALUNYA i EL BISBAT DE TERRASSA<\/span> ofereix a trav\u00e9s d\u2019aquest lloc web i, amb car\u00e0cter enunciatiu, per\u00f2 no limitatiu, a no utilitzar-los per:<\/p><ol><li>Provocar danys, deterioraments, saturacions o alentiments en els sistemes f\u00edsics i l\u00f2gic a la La <span lang=\"CA\">FEDERACI\u00d3 DE CRISTIANS DE CATALUNYA i EL BISBAT DE TERRASSA<\/span>, dels seus prove\u00efdors o terceres persones, aix\u00ed com introduir o difondre en la xarxa virus inform\u00e0tics o qualsevol altres sistemes f\u00edsics o l\u00f2gics que siguin susceptibles de provocar els danys anteriorment esmentats.<\/li><li>Intentar accedir i, si s\u2019 escau, utilitzar els comptes de correu electr\u00f2nic d\u2019 altres usuaris i modificar o manipular els seus missatges.<\/li><\/ol><p>\u00a0<\/p><ol start=\"3\"><li><strong>PROPIETAT INTEL\u00b7LECTUAL I INDUSTRIAL<\/strong><\/li><\/ol><p>\u00a0<\/p><p>La <span lang=\"CA\">FEDERACI\u00d3 DE CRISTIANS DE CATALUNYA i EL BISBAT DE TERRASSA s\u00f3n titulars<\/span>\u00a0de tots els drets de propietat intel\u00b7lectual i industrial de les seves p\u00e0gines web, xarxes socials, etc., aix\u00ed com de tot el seu contingut \u2014informaci\u00f3, textos, imatges, gr\u00e0fics i materials\u2014, del disseny del portal \u2014estructura, selecci\u00f3, ordenaci\u00f3, men\u00fas i botons de navegaci\u00f3\u2014, dels programes, del desenvolupament d\u2019aplicacions utilitzades, dels codis font,\u00a0 aix\u00ed com dels logos, marques i altres signes distintius que hi apareixen, i qualsevol altre contingut de la p\u00e0gina web.<\/p><p>L\u2019acc\u00e9s a aquests continguts o l\u2019\u00fas d\u2019aquests per part de l\u2019usuari no implica cap tipus de ren\u00fancia, transmissi\u00f3 o cessi\u00f3 d\u2019aquests drets i per tant, l\u2019usuari reconeix que tots els continguts del lloc web, xarxes socials, etc., estan protegits per drets de propietat intel\u00b7lectual i industrial, propietat del titular del lloc web o,\u00a0 si s\u2019 escau, de tercers. L\u2019usuari nom\u00e9s pot utilitzar el lloc web i els seus continguts per al seu \u00fas personal i privat.<\/p><p>Si l\u2019usuari o un tercer considera que qualsevol dels continguts d\u2019aquesta p\u00e0gina web ha estat introdu\u00eft violant els seus drets de propietat intel\u00b7lectual i\/o industrial, haur\u00e0 de remetre una notificaci\u00f3 a la <span lang=\"CA\">FEDERACI\u00d3 DE CRISTIANS DE CATALUNYA o EL BISBAT DE TERRASSA<\/span> identificant-se a si mateix i al titular dels drets de propietat intel\u00b7lectual o industrial, indicant els drets suposadament infringits,\u00a0 i aportant el t\u00edtol o l\u2019 acreditaci\u00f3 de la representaci\u00f3 dels esmentats drets.<\/p><ol start=\"4\"><li><strong>RESPONSABILITAT<\/strong><\/li><\/ol><p>\u00a0<\/p><p>El titular del domini no ser\u00e0 responsable dels danys i perjudicis que puguin derivar-se d\u2019 interfer\u00e8ncies, desconnexions en el sistema electr\u00f2nic, pres\u00e8ncia de virus inform\u00e0tics, programes maliciosos, de l\u2019 \u00fas que tercers realitzin de la informaci\u00f3 publicada en el portal o de qualsevol altre factor ali\u00e8 al seu control.<\/p><p>Tampoc ser\u00e0 responsable ni realitza cap control dels continguts o sistemes de tercers connectats al seu domini o enlla\u00e7ats amb el mateix. Ara b\u00e9, quan tingui coneixement que els enlla\u00e7os inclouen continguts il\u00b7l\u00edcits, els retirar\u00e0.<\/p><p>A m\u00e9s, la <span lang=\"CA\">FEDERACI\u00d3 DE CRISTIANS DE CATALUNYA i EL BISBAT DE TERRASSA<\/span> es reserva el dret a exercir les accions legals que correspongui contra aquells que vulnerin les presents condicions. En aquest sentit, l\u2019\u00fanic responsable dels danys i perjudicis que pugui patir com a conseq\u00fc\u00e8ncia del incompliment de les presents condicions per part del titular del domini o d\u2019 un tercer ser\u00e0 l\u2019 usuari.<\/p><ol start=\"5\"><li><strong>PRIVACITAT<\/strong><\/li><\/ol><p>\u00a0<\/p><p><strong>5.1. DRET D\u2019INFORMACI\u00d3<\/strong><\/p><p>De conformitat amb el que disposa l\u2019article 13 del Reglament (UE) 2016\/679 del Parlament Europeu i del Consell, de 27 d\u2019abril de 2016 (\u00abRGPD\u00bb), l\u2019informem que\u00a0<span lang=\"CA\">FEDERACI\u00d3 DE CRISTIANS DE CATALUNYA i EL BISBAT DE TERRASSA<\/span> ser\u00e0n responsables de les dades que vost\u00e8 ens faciliti a trav\u00e9s dels formularis del lloc web i que envi\u00ef a la nostra adre\u00e7a de correu electr\u00f2nic. La finalitat del tractament ser\u00e0 atendre les seves peticions a la <span lang=\"CA\">FEDERACI\u00d3 DE CRISTIANS DE CATALUNYA i EL BISBAT DE TERRASSA<\/span>, gestionar i coordinar les diferents activitats que s\u2019 organitzen dins de l\u2019\u00e0mbit del Concurs B\u00edblic i poder inscriure els seus participants i treballs.<\/p><p>La base legal del tractament ser\u00e0 l\u2019 inter\u00e8s leg\u00edtim en la comunicaci\u00f3 o, si s\u2019 escau, la prestaci\u00f3 del consentiment de l\u2019 interessat en emplenar el formulari, acceptar la Pol\u00edtica de Privacitat, essent el tractament de les dades necess\u00e0ries per facilitar la informaci\u00f3 o gestionar la seva petici\u00f3.<\/p><p><strong>5.2. ACCEPTACI\u00d3 DE LES CONDICIONS<\/strong><\/p><p>S\u2019entendr\u00e0 que l\u2019usuari accepta les condicions establertes si polsa el bot\u00f3 \u00abHE LLEGIT I ACCEPTO LES CONDICIONS\u00bb incl\u00f2s en tots els formularis de recollida de dades o si envia un correu electr\u00f2nic a les adreces de contacte que figuren al lloc web.<\/p><p><strong>5.3. SEGURETAT<\/strong><\/p><p>Les dades personals recollides dels nostres usuaris seran tractades aplicant les mesures oportunes de car\u00e0cter t\u00e8cnic, estructural i de seguretat necess\u00e0ries, per tal de preservar la integritat i seguretat de la informaci\u00f3 personal aportada.<\/p><p><strong>5.4. ENLLA\u00c7OS<\/strong><\/p><p>Per facilitar la recerca de recursos que considerem que s\u00f3n del seu inter\u00e8s, en el present lloc web podr\u00e0 trobar enlla\u00e7os a xarxes socials i altres p\u00e0gines web d\u2019entitats germanes que gestiona <span lang=\"CA\">FEDERACI\u00d3 DE CRISTIANS DE CATALUNYA i EL BISBAT DE TERRASSA<\/span>, que compten amb un espai al lloc web on s\u2019inclouen logos i enlla\u00e7os web d\u2019altres entitats que es consideren d\u2019inter\u00e8s.<\/p><ol start=\"6\"><li><strong>MODIFICACIONS DE LES PRESENTS CONDICIONS I VIG\u00c8NCIA<\/strong><\/li><\/ol><p>El titular d\u2019aquesta web pot modificar les presents condicions en qualsevol moment, sense previ av\u00eds, publicant les seves modificacions tal com aqu\u00ed apareixen. Una vegada modificades, les presents condicions deixaran d\u2019 estar vigents i seran substitu\u00efdes per la seva modificaci\u00f3.<\/p><ol start=\"7\"><li><strong>LEGISLACI\u00d3 APLICABLE I JURISDICCI\u00d3<\/strong><\/li><\/ol><p>Per a totes les q\u00fcestions que se suscitin sobre la interpretaci\u00f3, aplicaci\u00f3 i compliment d\u2019 aquest Av\u00eds Legal, aix\u00ed com de les reclamacions que puguin derivar-se del seu \u00fas, totes les parts intervinents se sotmeten als jutges i tribunals de Barcelona, renunciant de forma expressa a qualsevol altre fur que pogu\u00e9s correspondre\u2019 ls, i regint-se per la Llei Espanyola.<\/p>\t\t\t\t\t\t\t\t<\/div>\n\t\t\t\t<\/div>\n\t\t\t\t\t<\/div>\n\t\t\t\t<\/div>\n\t\t\t\t<\/div>\n\t\t","protected":false},"excerpt":{"rendered":"<p>Av\u00eds legal El present Av\u00eds Legal regula les condicions generals d\u2019acc\u00e9s i utilitzaci\u00f3 del lloc web amb adre\u00e7a URL\u00a0https:\/\/www.concursbiblic.com \u00a0(en endavant \u00ablloc web\u00bb). La finalitat del lloc web \u00e9s informar els usuaris dels serveis i gestionar les relacions i comunicacions que la FEDERACI\u00d3 DE CRISTIANS DE CATALUNYA i EL BISBAT DE TERRASSA, pugui tenir amb [&hellip;]<\/p>\n","protected":false},"author":1,"featured_media":0,"parent":0,"menu_order":0,"comment_status":"closed","ping_status":"closed","template":"elementor_header_footer","meta":{"footnotes":""},"class_list":["post-526","page","type-page","status-publish","hentry"],"_links":{"self":[{"href":"https:\/\/concursbiblic.com\/index.php\/wp-json\/wp\/v2\/pages\/526","targetHints":{"allow":["GET"]}}],"collection":[{"href":"https:\/\/concursbiblic.com\/index.php\/wp-json\/wp\/v2\/pages"}],"about":[{"href":"https:\/\/concursbiblic.com\/index.php\/wp-json\/wp\/v2\/types\/page"}],"author":[{"embeddable":true,"href":"https:\/\/concursbiblic.com\/index.php\/wp-json\/wp\/v2\/users\/1"}],"replies":[{"embeddable":true,"href":"https:\/\/concursbiblic.com\/index.php\/wp-json\/wp\/v2\/comments?post=526"}],"version-history":[{"count":8,"href":"https:\/\/concursbiblic.com\/index.php\/wp-json\/wp\/v2\/pages\/526\/revisions"}],"predecessor-version":[{"id":542,"href":"https:\/\/concursbiblic.com\/index.php\/wp-json\/wp\/v2\/pages\/526\/revisions\/542"}],"wp:attachment":[{"href":"https:\/\/concursbiblic.com\/index.php\/wp-json\/wp\/v2\/media?parent=526"}],"curies":[{"name":"wp","href":"https:\/\/api.w.org\/{rel}","templated":true}]}}